{"id":67,"date":"2024-11-22T14:16:47","date_gmt":"2024-11-22T14:16:47","guid":{"rendered":"https:\/\/gul-hairstylistin.de\/?page_id=67"},"modified":"2024-11-22T15:59:09","modified_gmt":"2024-11-22T15:59:09","slug":"dienstleistungen","status":"publish","type":"page","link":"https:\/\/gul-hairstylistin.de\/?page_id=67","title":{"rendered":"Dienstleistungen"},"content":{"rendered":"\n<div class=\"wp-block-cover alignfull is-light\" style=\"margin-top:0;padding-top:6vw;padding-right:6vw;padding-bottom:6vw;padding-left:6vw\"><span aria-hidden=\"true\" class=\"wp-block-cover__background has-background-dim-100 has-background-dim\" style=\"background-color:#f2a7ac\"><\/span><div class=\"wp-block-cover__inner-container is-layout-flow wp-block-cover-is-layout-flow\">\n<div class=\"wp-block-group is-content-justification-center is-layout-flex wp-container-core-group-is-layout-82565499 wp-block-group-is-layout-flex\">\n<div class=\"wp-block-group alignwide wp-container-content-ceb7f5b3 has-global-padding is-content-justification-left is-layout-constrained wp-container-core-group-is-layout-852f5fc7 wp-block-group-is-layout-constrained\">\n<div style=\"height:24px\" aria-hidden=\"true\" class=\"wp-block-spacer\"><\/div>\n\n\n\n<p class=\"has-text-align-left has-contrast-color has-text-color\"><strong>Haarschnitte und Stylings<\/strong><br>Klassische, moderne und extravagante Frisuren \u2013 individuell auf Ihren Stil abgestimmt.<\/p>\n\n\n\n<p><strong>Colorationen<\/strong><br>Von nat\u00fcrlichen T\u00f6nen bis hin zu auff\u00e4lligen Farben \u2013 f\u00fcr Glanz und Lebendigkeit in Ihrem Haar.<\/p>\n\n\n\n<p><strong>Haarverl\u00e4ngerungen mit Great Lengths<\/strong><br>F\u00fcr traumhaftes Volumen und L\u00e4nge \u2013 hochwertige Extensions mit nat\u00fcrlichen Ergebnissen.<\/p>\n\n\n\n<p class=\"has-text-align-left has-contrast-color has-text-color\"><strong>Augenbrauen-Zupfen mit Fadentechnik<\/strong><br>Pr\u00e4zise Formen ohne Hautirritationen \u2013 f\u00fcr perfekte Konturen und ein ausdrucksstarkes Gesicht.<\/p>\n\n\n\n<div style=\"height:60px\" aria-hidden=\"true\" class=\"wp-block-spacer\"><\/div>\n\n\n\n<div class=\"wp-block-buttons is-content-justification-left is-nowrap is-layout-flex wp-container-core-buttons-is-layout-92e17da2 wp-block-buttons-is-layout-flex\">\n<div class=\"wp-block-button has-custom-font-size is-style-fill\" style=\"font-size:clamp(14px, 0.875rem + ((1vw - 3.2px) * 0.194), 16px);font-style:normal;font-weight:500;letter-spacing:0px;text-transform:uppercase\"><a class=\"wp-block-button__link has-base-color has-contrast-background-color has-text-color has-background wp-element-button\" href=\"https:\/\/gul-hairstylistin.de\/?page_id=73\" style=\"border-radius:0px;padding-top:24px;padding-right:48px;padding-bottom:24px;padding-left:48px\">kontakt<\/a><\/div>\n<\/div>\n<\/div>\n\n\n\n<div class=\"wp-block-group is-content-justification-right is-nowrap is-layout-flex wp-container-core-group-is-layout-59a2d94b wp-block-group-is-layout-flex\">\n<div class=\"wp-block-group wp-container-content-0733e5d0 is-layout-flow wp-block-group-is-layout-flow\">\n<div style=\"height:8vw\" aria-hidden=\"true\" class=\"wp-block-spacer\"><\/div>\n\n\n\n<figure class=\"wp-block-image size-large wp-container-content-0733e5d0 wp-duotone-rgb000-rgb21788120-1\"><img loading=\"lazy\" decoding=\"async\" width=\"576\" height=\"1024\" src=\"https:\/\/gul-hairstylistin.de\/wp-content\/uploads\/2024\/11\/1-2-576x1024.png\" alt=\"\" class=\"wp-image-98\" srcset=\"https:\/\/gul-hairstylistin.de\/wp-content\/uploads\/2024\/11\/1-2-576x1024.png 576w, https:\/\/gul-hairstylistin.de\/wp-content\/uploads\/2024\/11\/1-2-169x300.png 169w, https:\/\/gul-hairstylistin.de\/wp-content\/uploads\/2024\/11\/1-2-768x1365.png 768w, https:\/\/gul-hairstylistin.de\/wp-content\/uploads\/2024\/11\/1-2-864x1536.png 864w, https:\/\/gul-hairstylistin.de\/wp-content\/uploads\/2024\/11\/1-2.png 1080w\" sizes=\"auto, (max-width: 576px) 100vw, 576px\" \/><\/figure>\n<\/div>\n\n\n\n<figure class=\"wp-block-image size-large wp-container-content-0733e5d0 wp-duotone-rgb000-rgb21788120-2\"><img loading=\"lazy\" decoding=\"async\" width=\"576\" height=\"1024\" src=\"https:\/\/gul-hairstylistin.de\/wp-content\/uploads\/2024\/11\/2-2-576x1024.png\" alt=\"\" class=\"wp-image-99\" srcset=\"https:\/\/gul-hairstylistin.de\/wp-content\/uploads\/2024\/11\/2-2-576x1024.png 576w, https:\/\/gul-hairstylistin.de\/wp-content\/uploads\/2024\/11\/2-2-169x300.png 169w, https:\/\/gul-hairstylistin.de\/wp-content\/uploads\/2024\/11\/2-2-768x1365.png 768w, https:\/\/gul-hairstylistin.de\/wp-content\/uploads\/2024\/11\/2-2-864x1536.png 864w, https:\/\/gul-hairstylistin.de\/wp-content\/uploads\/2024\/11\/2-2.png 1080w\" sizes=\"auto, (max-width: 576px) 100vw, 576px\" \/><\/figure>\n<\/div>\n<\/div>\n<\/div><\/div>\n\n\n\n<p><\/p>\n","protected":false},"excerpt":{"rendered":"","protected":false},"author":1,"featured_media":0,"parent":0,"menu_order":0,"comment_status":"closed","ping_status":"closed","template":"","meta":{"footnotes":""},"class_list":["post-67","page","type-page","status-publish","hentry"],"_links":{"self":[{"href":"https:\/\/gul-hairstylistin.de\/index.php?rest_route=\/wp\/v2\/pages\/67","targetHints":{"allow":["GET"]}}],"collection":[{"href":"https:\/\/gul-hairstylistin.de\/index.php?rest_route=\/wp\/v2\/pages"}],"about":[{"href":"https:\/\/gul-hairstylistin.de\/index.php?rest_route=\/wp\/v2\/types\/page"}],"author":[{"embeddable":true,"href":"https:\/\/gul-hairstylistin.de\/index.php?rest_route=\/wp\/v2\/users\/1"}],"replies":[{"embeddable":true,"href":"https:\/\/gul-hairstylistin.de\/index.php?rest_route=%2Fwp%2Fv2%2Fcomments&post=67"}],"version-history":[{"count":4,"href":"https:\/\/gul-hairstylistin.de\/index.php?rest_route=\/wp\/v2\/pages\/67\/revisions"}],"predecessor-version":[{"id":101,"href":"https:\/\/gul-hairstylistin.de\/index.php?rest_route=\/wp\/v2\/pages\/67\/revisions\/101"}],"wp:attachment":[{"href":"https:\/\/gul-hairstylistin.de\/index.php?rest_route=%2Fwp%2Fv2%2Fmedia&parent=67"}],"curies":[{"name":"wp","href":"https:\/\/api.w.org\/{rel}","templated":true}]}}