{"id":69,"date":"2024-11-22T14:17:30","date_gmt":"2024-11-22T14:17:30","guid":{"rendered":"https:\/\/gul-hairstylistin.de\/?page_id=69"},"modified":"2024-11-22T14:40:51","modified_gmt":"2024-11-22T14:40:51","slug":"uber-uns","status":"publish","type":"page","link":"https:\/\/gul-hairstylistin.de\/?page_id=69","title":{"rendered":"Impressum"},"content":{"rendered":"\n<p>G\u00fclcihan \u00c7AYIR<br>Hairstylistin<br>Lorettostra\u00dfe 41,                                                                                                                                                                                                                                                                                   40219 D\u00fcsseldorf<\/p>\n\n\n\n<h2 class=\"wp-block-heading\">Kontakt<\/h2>\n\n\n\n<p>+49 211 930 77 867                                                                                                                                                                                                                                                                                     info@gul-hairstylistin.de<\/p>\n\n\n\n<p><\/p>\n\n\n\n<p><\/p>\n","protected":false},"excerpt":{"rendered":"<p>G\u00fclcihan \u00c7AYIRHairstylistinLorettostra\u00dfe 41, 40219 D\u00fcsseldorf Kontakt +49 211 930 77 867 info@gul-hairstylistin.de<\/p>\n","protected":false},"author":1,"featured_media":0,"parent":0,"menu_order":0,"comment_status":"closed","ping_status":"closed","template":"","meta":{"footnotes":""},"class_list":["post-69","page","type-page","status-publish","hentry"],"_links":{"self":[{"href":"https:\/\/gul-hairstylistin.de\/index.php?rest_route=\/wp\/v2\/pages\/69","targetHints":{"allow":["GET"]}}],"collection":[{"href":"https:\/\/gul-hairstylistin.de\/index.php?rest_route=\/wp\/v2\/pages"}],"about":[{"href":"https:\/\/gul-hairstylistin.de\/index.php?rest_route=\/wp\/v2\/types\/page"}],"author":[{"embeddable":true,"href":"https:\/\/gul-hairstylistin.de\/index.php?rest_route=\/wp\/v2\/users\/1"}],"replies":[{"embeddable":true,"href":"https:\/\/gul-hairstylistin.de\/index.php?rest_route=%2Fwp%2Fv2%2Fcomments&post=69"}],"version-history":[{"count":5,"href":"https:\/\/gul-hairstylistin.de\/index.php?rest_route=\/wp\/v2\/pages\/69\/revisions"}],"predecessor-version":[{"id":86,"href":"https:\/\/gul-hairstylistin.de\/index.php?rest_route=\/wp\/v2\/pages\/69\/revisions\/86"}],"wp:attachment":[{"href":"https:\/\/gul-hairstylistin.de\/index.php?rest_route=%2Fwp%2Fv2%2Fmedia&parent=69"}],"curies":[{"name":"wp","href":"https:\/\/api.w.org\/{rel}","templated":true}]}}