{"id":71,"date":"2024-11-22T14:17:57","date_gmt":"2024-11-22T14:17:57","guid":{"rendered":"https:\/\/gul-hairstylistin.de\/?page_id=71"},"modified":"2024-11-22T16:07:34","modified_gmt":"2024-11-22T16:07:34","slug":"impressum","status":"publish","type":"page","link":"https:\/\/gul-hairstylistin.de\/?page_id=71","title":{"rendered":"\u00dcber Uns"},"content":{"rendered":"\n<div class=\"wp-block-cover alignfull is-light\" style=\"min-height:800px;aspect-ratio:unset;\"><span aria-hidden=\"true\" class=\"wp-block-cover__background has-background-dim-60 has-background-dim\" style=\"background-color:#a3a3a3\"><\/span><img loading=\"lazy\" decoding=\"async\" width=\"1748\" height=\"1240\" class=\"wp-block-cover__image-background wp-image-104\" alt=\"\" src=\"https:\/\/gul-hairstylistin.de\/wp-content\/uploads\/2024\/11\/11-3.png\" data-object-fit=\"cover\" srcset=\"https:\/\/gul-hairstylistin.de\/wp-content\/uploads\/2024\/11\/11-3.png 1748w, https:\/\/gul-hairstylistin.de\/wp-content\/uploads\/2024\/11\/11-3-300x213.png 300w, https:\/\/gul-hairstylistin.de\/wp-content\/uploads\/2024\/11\/11-3-1024x726.png 1024w, https:\/\/gul-hairstylistin.de\/wp-content\/uploads\/2024\/11\/11-3-768x545.png 768w, https:\/\/gul-hairstylistin.de\/wp-content\/uploads\/2024\/11\/11-3-1536x1090.png 1536w\" sizes=\"auto, (max-width: 1748px) 100vw, 1748px\" \/><div class=\"wp-block-cover__inner-container is-layout-flow wp-block-cover-is-layout-flow\">\n<div class=\"wp-block-columns alignwide is-layout-flex wp-container-core-columns-is-layout-28f84493 wp-block-columns-is-layout-flex\">\n<div class=\"wp-block-column is-layout-flow wp-block-column-is-layout-flow\" style=\"flex-basis:55%\">\n<div style=\"height:330px\" aria-hidden=\"true\" class=\"wp-block-spacer\"><\/div>\n\n\n\n<p class=\"has-tertiary-color has-text-color\" style=\"font-size:clamp(24.034px, 1.502rem + ((1vw - 3.2px) * 1.55), 40px);line-height:1.3\"><em><strong>Willkommen bei Lifestylehair G\u00fcl Hairstylistin! Mein Name ist G\u00fcl, und ich bin die Inhaberin dieses modernen Friseursalons auf der Lorettostra\u00dfe 41 in D\u00fcsseldorf. Mit \u00fcber 31 Jahren Erfahrung und 20 Jahren als Friseurmeisterin biete ich erstklassige Pflege, Beratung und individuelle Stylings. Meine Karriere begann vor \u00fcber drei Jahrzehnten und wurde durch internationale Erfahrungen, insbesondere bei Toni &amp; Guy, gepr\u00e4gt. Kreativit\u00e4t, \u00c4sthetik und handwerkliche Pr\u00e4zision sind f\u00fcr mich zentrale Werte. In meinem Salon stehen Ihre W\u00fcnsche und Ihre Zufriedenheit immer im Mittelpunkt.<\/strong><\/em><\/p>\n<\/div>\n\n\n\n<div class=\"wp-block-column is-layout-flow wp-block-column-is-layout-flow\"><\/div>\n<\/div>\n<\/div><\/div>\n","protected":false},"excerpt":{"rendered":"","protected":false},"author":1,"featured_media":0,"parent":0,"menu_order":0,"comment_status":"closed","ping_status":"closed","template":"","meta":{"footnotes":""},"class_list":["post-71","page","type-page","status-publish","hentry"],"_links":{"self":[{"href":"https:\/\/gul-hairstylistin.de\/index.php?rest_route=\/wp\/v2\/pages\/71","targetHints":{"allow":["GET"]}}],"collection":[{"href":"https:\/\/gul-hairstylistin.de\/index.php?rest_route=\/wp\/v2\/pages"}],"about":[{"href":"https:\/\/gul-hairstylistin.de\/index.php?rest_route=\/wp\/v2\/types\/page"}],"author":[{"embeddable":true,"href":"https:\/\/gul-hairstylistin.de\/index.php?rest_route=\/wp\/v2\/users\/1"}],"replies":[{"embeddable":true,"href":"https:\/\/gul-hairstylistin.de\/index.php?rest_route=%2Fwp%2Fv2%2Fcomments&post=71"}],"version-history":[{"count":4,"href":"https:\/\/gul-hairstylistin.de\/index.php?rest_route=\/wp\/v2\/pages\/71\/revisions"}],"predecessor-version":[{"id":105,"href":"https:\/\/gul-hairstylistin.de\/index.php?rest_route=\/wp\/v2\/pages\/71\/revisions\/105"}],"wp:attachment":[{"href":"https:\/\/gul-hairstylistin.de\/index.php?rest_route=%2Fwp%2Fv2%2Fmedia&parent=71"}],"curies":[{"name":"wp","href":"https:\/\/api.w.org\/{rel}","templated":true}]}}