{"id":73,"date":"2024-11-22T14:18:08","date_gmt":"2024-11-22T14:18:08","guid":{"rendered":"https:\/\/gul-hairstylistin.de\/?page_id=73"},"modified":"2024-11-22T14:37:56","modified_gmt":"2024-11-22T14:37:56","slug":"kontakt","status":"publish","type":"page","link":"https:\/\/gul-hairstylistin.de\/?page_id=73","title":{"rendered":"Kontakt"},"content":{"rendered":"\n<p>Kontaktieren Sie uns&#8230;<\/p>\n\n\n\n<p>UM EINEN TERMIN ZU VEREINBAREN, RUFEN SIE UNS BITTE AN.\u00a0 <\/p>\n\n\n\n<p><\/p>\n\n\n\n<p><strong>Telefon:<\/strong><br><a href=\"Tel:021193077867\"><strong>+49 211 930 77 867<\/strong><\/a><\/p>\n\n\n\n<p><strong>Adresse:<br><\/strong><strong>Lorettostra\u00dfe 41, 40219 D\u00fcsseldorf<\/strong><\/p>\n\n\n\n<h2 class=\"wp-block-heading\">\u00d6ffnungszeiten:<\/h2>\n\n\n\n<p>Sonntag:Geschlossen<\/p>\n\n\n\n<p>Montag:Geschlossen<\/p>\n\n\n\n<p>Dienstag:9 Uhr &#8211; 18 Uhr<\/p>\n\n\n\n<p>Mittwoch:9 Uhr &#8211; 18 Uhr<\/p>\n\n\n\n<p>Donnerstag:9 Uhr &#8211; 18 Uhr<\/p>\n\n\n\n<p>Freitag:9 Uhr &#8211; 18 Uhr<\/p>\n\n\n\n<p>Samstag:8 Uhr &#8211; 14 Uhr<\/p>\n\n\n\n<iframe src=\"https:\/\/www.google.com\/maps\/embed?pb=!1m14!1m12!1m3!1d2499.3209862083304!2d6.762163076951196!3d51.21316233215526!2m3!1f0!2f0!3f0!3m2!1i1024!2i768!4f13.1!5e0!3m2!1str!2sde!4v1732285877846!5m2!1str!2sde\" width=\"600\" height=\"450\" style=\"border:0;\" allowfullscreen=\"\" loading=\"lazy\" referrerpolicy=\"no-referrer-when-downgrade\"><\/iframe>\n","protected":false},"excerpt":{"rendered":"<p>Kontaktieren Sie uns&#8230; UM EINEN TERMIN ZU VEREINBAREN, RUFEN SIE UNS BITTE AN.\u00a0 Telefon:+49 211 930 77 867 Adresse:Lorettostra\u00dfe 41, 40219 D\u00fcsseldorf \u00d6ffnungszeiten: Sonntag:Geschlossen Montag:Geschlossen Dienstag:9 Uhr &#8211; 18 Uhr Mittwoch:9 Uhr &#8211; 18 Uhr Donnerstag:9 Uhr &#8211; 18 Uhr Freitag:9 Uhr &#8211; 18 Uhr Samstag:8 Uhr &#8211; 14 Uhr<\/p>\n","protected":false},"author":1,"featured_media":0,"parent":0,"menu_order":0,"comment_status":"closed","ping_status":"closed","template":"","meta":{"footnotes":""},"class_list":["post-73","page","type-page","status-publish","hentry"],"_links":{"self":[{"href":"https:\/\/gul-hairstylistin.de\/index.php?rest_route=\/wp\/v2\/pages\/73","targetHints":{"allow":["GET"]}}],"collection":[{"href":"https:\/\/gul-hairstylistin.de\/index.php?rest_route=\/wp\/v2\/pages"}],"about":[{"href":"https:\/\/gul-hairstylistin.de\/index.php?rest_route=\/wp\/v2\/types\/page"}],"author":[{"embeddable":true,"href":"https:\/\/gul-hairstylistin.de\/index.php?rest_route=\/wp\/v2\/users\/1"}],"replies":[{"embeddable":true,"href":"https:\/\/gul-hairstylistin.de\/index.php?rest_route=%2Fwp%2Fv2%2Fcomments&post=73"}],"version-history":[{"count":6,"href":"https:\/\/gul-hairstylistin.de\/index.php?rest_route=\/wp\/v2\/pages\/73\/revisions"}],"predecessor-version":[{"id":84,"href":"https:\/\/gul-hairstylistin.de\/index.php?rest_route=\/wp\/v2\/pages\/73\/revisions\/84"}],"wp:attachment":[{"href":"https:\/\/gul-hairstylistin.de\/index.php?rest_route=%2Fwp%2Fv2%2Fmedia&parent=73"}],"curies":[{"name":"wp","href":"https:\/\/api.w.org\/{rel}","templated":true}]}}